{"id":441,"date":"2023-08-17T08:03:25","date_gmt":"2023-08-17T08:03:25","guid":{"rendered":"https:\/\/demosites.royal-elementor-addons.com\/nature-v2\/?page_id=19"},"modified":"2025-07-06T14:06:48","modified_gmt":"2025-07-06T14:06:48","slug":"xidmetler","status":"publish","type":"page","link":"https:\/\/basovich.art\/index.php\/xidmetler\/","title":{"rendered":"X\u0130DM\u018fTL\u018fR"},"content":{"rendered":"\t\t<div data-elementor-type=\"wp-page\" data-elementor-id=\"441\" class=\"elementor elementor-441\">\n\t\t\t\t\t\t<section class=\"elementor-section elementor-top-section elementor-element elementor-element-c29a3c5 elementor-section-boxed elementor-section-height-default elementor-section-height-default wpr-particle-no wpr-equal-height-no\" data-id=\"c29a3c5\" data-element_type=\"section\" data-settings=\"{&quot;background_background&quot;:&quot;classic&quot;}\">\n\t\t\t\t\t\t\t<div class=\"elementor-background-overlay\"><\/div>\n\t\t\t\t\t\t\t<div class=\"elementor-container elementor-column-gap-default\">\n\t\t\t\t\t<div class=\"elementor-column elementor-col-100 elementor-top-column elementor-element elementor-element-c7f4bb6\" data-id=\"c7f4bb6\" data-element_type=\"column\">\n\t\t\t<div class=\"elementor-widget-wrap elementor-element-populated\">\n\t\t\t\t\t\t<div class=\"elementor-element elementor-element-b1faa16 elementor-widget elementor-widget-heading\" data-id=\"b1faa16\" data-element_type=\"widget\" data-widget_type=\"heading.default\">\n\t\t\t\t<div class=\"elementor-widget-container\">\n\t\t\t<style>\/*! elementor - v3.22.0 - 26-06-2024 *\/\n.elementor-heading-title{padding:0;margin:0;line-height:1}.elementor-widget-heading .elementor-heading-title[class*=elementor-size-]>a{color:inherit;font-size:inherit;line-height:inherit}.elementor-widget-heading .elementor-heading-title.elementor-size-small{font-size:15px}.elementor-widget-heading .elementor-heading-title.elementor-size-medium{font-size:19px}.elementor-widget-heading .elementor-heading-title.elementor-size-large{font-size:29px}.elementor-widget-heading .elementor-heading-title.elementor-size-xl{font-size:39px}.elementor-widget-heading .elementor-heading-title.elementor-size-xxl{font-size:59px}<\/style><h2 class=\"elementor-heading-title elementor-size-default\">Xidm\u0259tl\u0259r<\/h2>\t\t<\/div>\n\t\t\t\t<\/div>\n\t\t\t\t\t<\/div>\n\t\t<\/div>\n\t\t\t\t\t<\/div>\n\t\t<\/section>\n\t\t\t\t<section class=\"elementor-section elementor-top-section elementor-element elementor-element-a9149f1 elementor-section-boxed elementor-section-height-default elementor-section-height-default wpr-particle-no wpr-sticky-section-no wpr-equal-height-no\" data-id=\"a9149f1\" data-element_type=\"section\">\n\t\t\t\t\t\t<div class=\"elementor-container elementor-column-gap-wide\">\n\t\t\t\t\t<div class=\"elementor-column elementor-col-50 elementor-top-column elementor-element elementor-element-94e82ae\" data-id=\"94e82ae\" data-element_type=\"column\">\n\t\t\t<div class=\"elementor-widget-wrap elementor-element-populated\">\n\t\t\t\t\t\t<div class=\"elementor-element elementor-element-c78a690 elementor-widget elementor-widget-image\" data-id=\"c78a690\" data-element_type=\"widget\" data-widget_type=\"image.default\">\n\t\t\t\t<div class=\"elementor-widget-container\">\n\t\t\t<style>\/*! elementor - v3.22.0 - 26-06-2024 *\/\n.elementor-widget-image{text-align:center}.elementor-widget-image a{display:inline-block}.elementor-widget-image a img[src$=\".svg\"]{width:48px}.elementor-widget-image img{vertical-align:middle;display:inline-block}<\/style>\t\t\t\t\t\t\t\t\t\t<img decoding=\"async\" src=\"https:\/\/basovich.art\/wp-content\/uploads\/2025\/07\/cloud-computing-specialist-arvr-developer-illustrated-flat-minimal-design_987764-252232.jpg\" title=\"cloud-computing-specialist-arvr-developer-illustrated-flat-minimal-design_987764-252232\" alt=\"cloud-computing-specialist-arvr-developer-illustrated-flat-minimal-design_987764-252232\" loading=\"lazy\" \/>\t\t\t\t\t\t\t\t\t\t\t\t\t<\/div>\n\t\t\t\t<\/div>\n\t\t\t\t\t<\/div>\n\t\t<\/div>\n\t\t\t\t<div class=\"elementor-column elementor-col-50 elementor-top-column elementor-element elementor-element-9ce52b1\" data-id=\"9ce52b1\" data-element_type=\"column\">\n\t\t\t<div class=\"elementor-widget-wrap elementor-element-populated\">\n\t\t\t\t\t\t<div class=\"elementor-element elementor-element-3c7e4f6 elementor-widget elementor-widget-heading\" data-id=\"3c7e4f6\" data-element_type=\"widget\" data-widget_type=\"heading.default\">\n\t\t\t\t<div class=\"elementor-widget-container\">\n\t\t\t<h2 class=\"elementor-heading-title elementor-size-default\">Veb Dizayn<\/h2>\t\t<\/div>\n\t\t\t\t<\/div>\n\t\t\t\t<div class=\"elementor-element elementor-element-a7c7066 elementor-widget elementor-widget-text-editor\" data-id=\"a7c7066\" data-element_type=\"widget\" data-widget_type=\"text-editor.default\">\n\t\t\t\t<div class=\"elementor-widget-container\">\n\t\t\t<style>\/*! elementor - v3.22.0 - 26-06-2024 *\/\n.elementor-widget-text-editor.elementor-drop-cap-view-stacked .elementor-drop-cap{background-color:#69727d;color:#fff}.elementor-widget-text-editor.elementor-drop-cap-view-framed .elementor-drop-cap{color:#69727d;border:3px solid;background-color:transparent}.elementor-widget-text-editor:not(.elementor-drop-cap-view-default) .elementor-drop-cap{margin-top:8px}.elementor-widget-text-editor:not(.elementor-drop-cap-view-default) .elementor-drop-cap-letter{width:1em;height:1em}.elementor-widget-text-editor .elementor-drop-cap{float:left;text-align:center;line-height:1;font-size:50px}.elementor-widget-text-editor .elementor-drop-cap-letter{display:inline-block}<\/style>\t\t\t\t<p>Veb sayt \u00fcz\u0259rind\u0259 i\u015fl\u0259m\u0259k, laz\u0131mi alqoritml\u0259rd\u0259n istifad\u0259 ed\u0259r\u0259k m\u00fc\u015ft\u0259rinin konsepsiyas\u0131n\u0131 vizualla\u015fd\u0131rmaq \u00fc\u00e7\u00fcn \u00e7ox s\u0259viyy\u0259li bir sistemdir.<\/p><p><br \/>\u0130\u015f tam texniki spesifikasiyan\u0131n al\u0131nmas\u0131 il\u0259 ba\u015flay\u0131r v\u0259 m\u00fc\u015ft\u0259riy\u0259 t\u0259qdim olunan haz\u0131r konsepsiya il\u0259 ba\u015fa \u00e7at\u0131r.<\/p>\t\t\t\t\t\t<\/div>\n\t\t\t\t<\/div>\n\t\t\t\t<div class=\"elementor-element elementor-element-cbbd060 elementor-widget elementor-widget-text-editor\" data-id=\"cbbd060\" data-element_type=\"widget\" data-widget_type=\"text-editor.default\">\n\t\t\t\t<div class=\"elementor-widget-container\">\n\t\t\t\t\t\t\t<p>Biz bir s\u0259hif\u0259lik saytlardan onlayn \u00f6d\u0259ni\u015fli onlayn ma\u011fazalara q\u0259d\u0259r ist\u0259nil\u0259n m\u00fcr\u0259kk\u0259blikd\u0259 vebsaytlar v\u0259 mobil proqramlar yarad\u0131r\u0131q.<\/p>\t\t\t\t\t\t<\/div>\n\t\t\t\t<\/div>\n\t\t\t\t<div class=\"elementor-element elementor-element-44ff087 wpr-button-icon-style-inline wpr-button-icon-position-right elementor-widget elementor-widget-wpr-button\" data-id=\"44ff087\" data-element_type=\"widget\" data-widget_type=\"wpr-button.default\">\n\t\t\t\t<div class=\"elementor-widget-container\">\n\t\t\t\t\n\t\t\t\n\t\t\n\t\t<div class=\"wpr-button-wrap elementor-clearfix\">\n\t\t<a class=\"wpr-button wpr-button-effect wpr-button-none\" data-text=\"\" href=\"#link\">\n\t\t\t\n\t\t\t<span class=\"wpr-button-content\">\n\t\t\t\t\t\t\t\t\t<span class=\"wpr-button-text\">Ba\u015flayaq<\/span>\n\t\t\t\t\t\t\t\t\n\t\t\t\t\t\t\t<\/span>\n\t\t<\/a>\n\n\t\t\t\t<\/div>\n\t\n\t\n\t\t\t<\/div>\n\t\t\t\t<\/div>\n\t\t\t\t\t<\/div>\n\t\t<\/div>\n\t\t\t\t\t<\/div>\n\t\t<\/section>\n\t\t\t\t<section class=\"elementor-section elementor-top-section elementor-element elementor-element-3700744 elementor-section-boxed elementor-section-height-default elementor-section-height-default wpr-particle-no wpr-sticky-section-no wpr-equal-height-no\" data-id=\"3700744\" data-element_type=\"section\">\n\t\t\t\t\t\t<div class=\"elementor-container elementor-column-gap-wide\">\n\t\t\t\t\t<div class=\"elementor-column elementor-col-50 elementor-top-column elementor-element elementor-element-6576b41\" data-id=\"6576b41\" data-element_type=\"column\">\n\t\t\t<div class=\"elementor-widget-wrap elementor-element-populated\">\n\t\t\t\t\t\t<div class=\"elementor-element elementor-element-abebfd1 elementor-widget elementor-widget-heading\" data-id=\"abebfd1\" data-element_type=\"widget\" data-widget_type=\"heading.default\">\n\t\t\t\t<div class=\"elementor-widget-container\">\n\t\t\t<h2 class=\"elementor-heading-title elementor-size-default\">Qrafik Dizayn<\/h2>\t\t<\/div>\n\t\t\t\t<\/div>\n\t\t\t\t<div class=\"elementor-element elementor-element-34d771f elementor-widget elementor-widget-text-editor\" data-id=\"34d771f\" data-element_type=\"widget\" data-widget_type=\"text-editor.default\">\n\t\t\t\t<div class=\"elementor-widget-container\">\n\t\t\t\t\t\t\t<p>Qrafik dizayn t\u0259klifl\u0259ri biznes \u00fc\u00e7\u00fcn z\u0259ruri i\u015fl\u0259rin b\u00f6y\u00fck siyah\u0131s\u0131n\u0131 ehtiva edir.<\/p><p>Bu, loqo v\u0259 korporativ brendbuk, reklam l\u00f6vh\u0259l\u0259r v\u0259 bannerl\u0259r, Promo m\u0259hsullar\u0131n dizayn\u0131, interaktiv t\u0259qdimatlar v\u0259 \u00e7ap kataloqlar\u0131n\u0131n yarad\u0131lmas\u0131, i\u015f\u00e7il\u0259r \u00fc\u00e7\u00fcn formalar\u0131n dizayn\u0131, HTML5 saytlar\u0131 \u00fc\u00e7\u00fcn interaktiv bannerl\u0259r v\u0259 daha \u00e7ox.<\/p>\t\t\t\t\t\t<\/div>\n\t\t\t\t<\/div>\n\t\t\t\t<div class=\"elementor-element elementor-element-c948fc4 wpr-button-icon-style-inline wpr-button-icon-position-right elementor-widget elementor-widget-wpr-button\" data-id=\"c948fc4\" data-element_type=\"widget\" data-widget_type=\"wpr-button.default\">\n\t\t\t\t<div class=\"elementor-widget-container\">\n\t\t\t\t\n\t\t\t\n\t\t\n\t\t<div class=\"wpr-button-wrap elementor-clearfix\">\n\t\t<a class=\"wpr-button wpr-button-effect wpr-button-none\" data-text=\"\" href=\"#link\">\n\t\t\t\n\t\t\t<span class=\"wpr-button-content\">\n\t\t\t\t\t\t\t\t\t<span class=\"wpr-button-text\">Start a Project<\/span>\n\t\t\t\t\t\t\t\t\n\t\t\t\t\t\t\t<\/span>\n\t\t<\/a>\n\n\t\t\t\t<\/div>\n\t\n\t\n\t\t\t<\/div>\n\t\t\t\t<\/div>\n\t\t\t\t\t<\/div>\n\t\t<\/div>\n\t\t\t\t<div class=\"elementor-column elementor-col-50 elementor-top-column elementor-element elementor-element-2807237\" data-id=\"2807237\" data-element_type=\"column\">\n\t\t\t<div class=\"elementor-widget-wrap elementor-element-populated\">\n\t\t\t\t\t\t<div class=\"elementor-element elementor-element-47ff48b elementor-widget elementor-widget-image\" data-id=\"47ff48b\" data-element_type=\"widget\" data-widget_type=\"image.default\">\n\t\t\t\t<div class=\"elementor-widget-container\">\n\t\t\t\t\t\t\t\t\t\t\t\t\t<img decoding=\"async\" src=\"https:\/\/basovich.art\/wp-content\/uploads\/2025\/07\/mobile-app-developer-business-intelligence-clipart_1297153-18676.jpg\" title=\"mobile-app-developer-business-intelligence-clipart_1297153-18676\" alt=\"mobile-app-developer-business-intelligence-clipart_1297153-18676\" loading=\"lazy\" \/>\t\t\t\t\t\t\t\t\t\t\t\t\t<\/div>\n\t\t\t\t<\/div>\n\t\t\t\t\t<\/div>\n\t\t<\/div>\n\t\t\t\t\t<\/div>\n\t\t<\/section>\n\t\t\t\t<section class=\"elementor-section elementor-top-section elementor-element elementor-element-29ed35a elementor-section-boxed elementor-section-height-default elementor-section-height-default wpr-particle-no wpr-sticky-section-no wpr-equal-height-no\" data-id=\"29ed35a\" data-element_type=\"section\">\n\t\t\t\t\t\t<div class=\"elementor-container elementor-column-gap-wide\">\n\t\t\t\t\t<div class=\"elementor-column elementor-col-50 elementor-top-column elementor-element elementor-element-860e355\" data-id=\"860e355\" data-element_type=\"column\">\n\t\t\t<div class=\"elementor-widget-wrap elementor-element-populated\">\n\t\t\t\t\t\t<div class=\"elementor-element elementor-element-861694f elementor-widget elementor-widget-image\" data-id=\"861694f\" data-element_type=\"widget\" data-widget_type=\"image.default\">\n\t\t\t\t<div class=\"elementor-widget-container\">\n\t\t\t\t\t\t\t\t\t\t\t\t\t<img fetchpriority=\"high\" decoding=\"async\" width=\"1024\" height=\"1024\" src=\"https:\/\/basovich.art\/wp-content\/uploads\/2025\/07\/6238-3439-4763-a131-333264663765__0_0_1.png\" class=\"attachment-full size-full wp-image-1520\" alt=\"\" srcset=\"https:\/\/basovich.art\/wp-content\/uploads\/2025\/07\/6238-3439-4763-a131-333264663765__0_0_1.png 1024w, https:\/\/basovich.art\/wp-content\/uploads\/2025\/07\/6238-3439-4763-a131-333264663765__0_0_1-300x300.png 300w, https:\/\/basovich.art\/wp-content\/uploads\/2025\/07\/6238-3439-4763-a131-333264663765__0_0_1-150x150.png 150w, https:\/\/basovich.art\/wp-content\/uploads\/2025\/07\/6238-3439-4763-a131-333264663765__0_0_1-768x768.png 768w\" sizes=\"(max-width: 1024px) 100vw, 1024px\" \/>\t\t\t\t\t\t\t\t\t\t\t\t\t<\/div>\n\t\t\t\t<\/div>\n\t\t\t\t\t<\/div>\n\t\t<\/div>\n\t\t\t\t<div class=\"elementor-column elementor-col-50 elementor-top-column elementor-element elementor-element-d8bae6e\" data-id=\"d8bae6e\" data-element_type=\"column\">\n\t\t\t<div class=\"elementor-widget-wrap elementor-element-populated\">\n\t\t\t\t\t\t<div class=\"elementor-element elementor-element-c7eb526 elementor-widget elementor-widget-heading\" data-id=\"c7eb526\" data-element_type=\"widget\" data-widget_type=\"heading.default\">\n\t\t\t\t<div class=\"elementor-widget-container\">\n\t\t\t<h2 class=\"elementor-heading-title elementor-size-default\">Motion Dizayn<\/h2>\t\t<\/div>\n\t\t\t\t<\/div>\n\t\t\t\t<div class=\"elementor-element elementor-element-253dd67 elementor-widget elementor-widget-text-editor\" data-id=\"253dd67\" data-element_type=\"widget\" data-widget_type=\"text-editor.default\">\n\t\t\t\t<div class=\"elementor-widget-container\">\n\t\t\t\t\t\t\t<p>Video m\u0259zmunun yarad\u0131lmas\u0131 v\u0259 vizualla\u015fd\u0131r\u0131lmas\u0131. b\u00fct\u00fcn m\u00fcmk\u00fcn reklamlar markan\u0131n tan\u0131nmas\u0131n\u0131 art\u0131r\u0131r. Statik reklamdan daha \u00e7ox m\u0259lumat \u00f6t\u00fcr\u00fcr. Bu s\u0259b\u0259bd\u0259n video reklam brendin tan\u0131t\u0131m\u0131n\u0131n ayr\u0131lmaz hiss\u0259sidir,<\/p>\t\t\t\t\t\t<\/div>\n\t\t\t\t<\/div>\n\t\t\t\t<div class=\"elementor-element elementor-element-24ca458 elementor-widget elementor-widget-text-editor\" data-id=\"24ca458\" data-element_type=\"widget\" data-widget_type=\"text-editor.default\">\n\t\t\t\t<div class=\"elementor-widget-container\">\n\t\t\t\t\t\t\t<p>Bu sah\u0259nin yarad\u0131c\u0131l\u0131q potensial\u0131 \u00e7ox b\u00f6y\u00fckd\u00fcr.<\/p>\t\t\t\t\t\t<\/div>\n\t\t\t\t<\/div>\n\t\t\t\t<div class=\"elementor-element elementor-element-7bb2281 wpr-button-icon-style-inline wpr-button-icon-position-right elementor-widget elementor-widget-wpr-button\" data-id=\"7bb2281\" data-element_type=\"widget\" data-widget_type=\"wpr-button.default\">\n\t\t\t\t<div class=\"elementor-widget-container\">\n\t\t\t\t\n\t\t\t\n\t\t\n\t\t<div class=\"wpr-button-wrap elementor-clearfix\">\n\t\t<a class=\"wpr-button wpr-button-effect wpr-button-none\" data-text=\"\" href=\"#link\">\n\t\t\t\n\t\t\t<span class=\"wpr-button-content\">\n\t\t\t\t\t\t\t\t\t<span class=\"wpr-button-text\">Start<\/span>\n\t\t\t\t\t\t\t\t\n\t\t\t\t\t\t\t<\/span>\n\t\t<\/a>\n\n\t\t\t\t<\/div>\n\t\n\t\n\t\t\t<\/div>\n\t\t\t\t<\/div>\n\t\t\t\t\t<\/div>\n\t\t<\/div>\n\t\t\t\t\t<\/div>\n\t\t<\/section>\n\t\t\t\t<section class=\"elementor-section elementor-top-section elementor-element elementor-element-08df8e3 elementor-section-boxed elementor-section-height-default elementor-section-height-default wpr-particle-no wpr-sticky-section-no wpr-equal-height-no\" data-id=\"08df8e3\" data-element_type=\"section\" data-settings=\"{&quot;background_background&quot;:&quot;classic&quot;}\">\n\t\t\t\t\t\t\t<div class=\"elementor-background-overlay\"><\/div>\n\t\t\t\t\t\t\t<div class=\"elementor-container elementor-column-gap-default\">\n\t\t\t\t\t<div class=\"elementor-column elementor-col-100 elementor-top-column elementor-element elementor-element-7e2a933\" data-id=\"7e2a933\" data-element_type=\"column\">\n\t\t\t<div class=\"elementor-widget-wrap elementor-element-populated\">\n\t\t\t\t\t\t<div class=\"elementor-element elementor-element-75e4383 elementor-widget elementor-widget-heading\" data-id=\"75e4383\" data-element_type=\"widget\" data-widget_type=\"heading.default\">\n\t\t\t\t<div class=\"elementor-widget-container\">\n\t\t\t<h2 class=\"elementor-heading-title elementor-size-default\">F.A.Q.<\/h2>\t\t<\/div>\n\t\t\t\t<\/div>\n\t\t\t\t<div class=\"elementor-element elementor-element-1c56f98 elementor-widget elementor-widget-text-editor\" data-id=\"1c56f98\" data-element_type=\"widget\" data-widget_type=\"text-editor.default\">\n\t\t\t\t<div class=\"elementor-widget-container\">\n\t\t\t\t\t\t\t<p>Sual\u0131n\u0131z varsa, cavab yax\u0131nl\u0131qda ola bil\u0259r! B\u0259lk\u0259 o a\u015fa\u011f\u0131dad\u0131r?<br \/>H\u0259l\u0259 suallar\u0131n\u0131z varsa, yaz\u0131n v\u0259 biz siz\u0259 m\u00fctl\u0259q cavab ver\u0259c\u0259yik!<\/p>\t\t\t\t\t\t<\/div>\n\t\t\t\t<\/div>\n\t\t\t\t<div class=\"elementor-element elementor-element-90e5d13 wpr-advanced-accordion-icon-no-box elementor-widget elementor-widget-wpr-advanced-accordion\" data-id=\"90e5d13\" data-element_type=\"widget\" data-settings=\"{&quot;active_item&quot;:1}\" data-widget_type=\"wpr-advanced-accordion.default\">\n\t\t\t\t<div class=\"elementor-widget-container\">\n\t\t\t\n            <div class=\"wpr-advanced-accordion\" data-accordion-type=\"accordion\" data-active-index=\"1\" data-accordion-trigger=\"click\" data-interaction-speed=\"0.4\">\n\n\t\t\t\n                \n\t\t\t\t\t<div class=\"wpr-accordion-item-wrap\">\n\t\t\t\t\t\t<button class=\"wpr-acc-button\">\n\t\t\t\t\t\t\t<span class=\"wpr-acc-item-title\">\n\t\t\t\t\t\t\t\t\t\t\t\t<span class=\"wpr-title-icon\">\n\t\t\t\t\t\t\t\t\t<\/span>\n\t\t\t\n\t\t\t\t\t\t\t\t<span class=\"wpr-acc-title-text\">Veb sayt\u0131 haz\u0131rlamaq n\u0259 q\u0259d\u0259r vaxt apar\u0131r?<\/span>\n\t\t\t\t\t\t\t<\/span>\n\t\t\t\t\t\t\t\t\t\t\t<span class=\"wpr-toggle-icon wpr-ti-close\"><i aria-hidden=\"true\" class=\"fas fa-caret-down\"><\/i><\/span>\n\t\t\t\t<span class=\"wpr-toggle-icon wpr-ti-open\"><i aria-hidden=\"true\" class=\"fas fa-caret-up\"><\/i><\/span>\n\t\t\t\t\t\t\t\t\t<\/button>\n\n\t\t\t\t\t\t<div class=\"wpr-acc-panel\">\n\t\t\t\t\t\t\t\t\t\t\t\t\t\t\t<div class=\"wpr-acc-panel-content\"><p>\u018fvv\u0259lc\u0259 qeyd etm\u0259k laz\u0131md\u0131r ki, b\u00fct\u00fcn saytlar f\u0259rqlidir. Buna g\u00f6r\u0259 d\u0259, bir veb sayt\u0131 tamamlamaq \u00fc\u00e7\u00fcn laz\u0131m olan vaxt bir aydan yar\u0131m il\u0259 q\u0259d\u0259r davam ed\u0259 bil\u0259r. \u00dcmumiyy\u0259tl\u0259, orta s\u0259hif\u0259 \"Lendinq\" v\u0259 ya porfel veb sayt\u0131n\u0131n haz\u0131rlanmas\u0131 t\u0259xmin\u0259n 1,5 ay \u00e7\u0259kir<\/p><\/div>\n\t\t\t\t\t\t\t\t\t\t\t\t\t<\/div>\n                    <\/div>\n\n                \n\t\t\t\t\t<div class=\"wpr-accordion-item-wrap\">\n\t\t\t\t\t\t<button class=\"wpr-acc-button\">\n\t\t\t\t\t\t\t<span class=\"wpr-acc-item-title\">\n\t\t\t\t\t\t\t\t\t\t\t\t<span class=\"wpr-title-icon\">\n\t\t\t\t\t\t\t\t\t<\/span>\n\t\t\t\n\t\t\t\t\t\t\t\t<span class=\"wpr-acc-title-text\">Onlayn logo yaratmaq v\u0259 ya pe\u015f\u0259karlardan sifari\u015f verm\u0259k?<\/span>\n\t\t\t\t\t\t\t<\/span>\n\t\t\t\t\t\t\t\t\t\t\t<span class=\"wpr-toggle-icon wpr-ti-close\"><i aria-hidden=\"true\" class=\"fas fa-caret-down\"><\/i><\/span>\n\t\t\t\t<span class=\"wpr-toggle-icon wpr-ti-open\"><i aria-hidden=\"true\" class=\"fas fa-caret-up\"><\/i><\/span>\n\t\t\t\t\t\t\t\t\t<\/button>\n\n\t\t\t\t\t\t<div class=\"wpr-acc-panel\">\n\t\t\t\t\t\t\t\t\t\t\t\t\t\t\t<div class=\"wpr-acc-panel-content\"><p>Loqonun yarad\u0131lmas\u0131n\u0131 pe\u015f\u0259karlara h\u0259val\u0259 etm\u0259kl\u0259 siz v\u0259 biznesiniz \u00fc\u00e7\u00fcn tamamil\u0259 f\u0259rdil\u0259\u015fdirilmi\u015f, \u015firk\u0259tin mahiyy\u0259tini v\u0259 istehsal\u0131n\u0131 \u0259ks etdir\u0259n unikal t\u0259klif alacaqs\u0131n\u0131z.<\/p><p>\u018fg\u0259r siz biznesl\u0259 m\u0259\u015f\u011ful olursunuzsa v\u0259 Loqo sizin \u00fcz\u00fcn\u00fczd\u00fcrs\u0259, qoy bu \u00fcz parlaq, yaddaqalan v\u0259 yarad\u0131c\u0131 olsun.<\/p><\/div>\n\t\t\t\t\t\t\t\t\t\t\t\t\t<\/div>\n                    <\/div>\n\n                \n\t\t\t\t\t<div class=\"wpr-accordion-item-wrap\">\n\t\t\t\t\t\t<button class=\"wpr-acc-button\">\n\t\t\t\t\t\t\t<span class=\"wpr-acc-item-title\">\n\t\t\t\t\t\t\t\t\t\t\t\t<span class=\"wpr-title-icon\">\n\t\t\t\t\t\t\t\t\t<\/span>\n\t\t\t\n\t\t\t\t\t\t\t\t<span class=\"wpr-acc-title-text\">Bir yerd\u0259 brend kitab, vebsayt v\u0259 3D modell\u0259\u015fdirm\u0259 \u00fcz\u0259rind\u0259 i\u015f g\u00f6rm\u0259k m\u00fcmk\u00fcnd\u00fcrm\u00fc?<\/span>\n\t\t\t\t\t\t\t<\/span>\n\t\t\t\t\t\t\t\t\t\t\t<span class=\"wpr-toggle-icon wpr-ti-close\"><i aria-hidden=\"true\" class=\"fas fa-caret-down\"><\/i><\/span>\n\t\t\t\t<span class=\"wpr-toggle-icon wpr-ti-open\"><i aria-hidden=\"true\" class=\"fas fa-caret-up\"><\/i><\/span>\n\t\t\t\t\t\t\t\t\t<\/button>\n\n\t\t\t\t\t\t<div class=\"wpr-acc-panel\">\n\t\t\t\t\t\t\t\t\t\t\t\t\t\t\t<div class=\"wpr-acc-panel-content\"><p>T\u0259bii ki, biz h\u0259r \u015feyi ed\u0259 bil\u0259rik.<\/p><\/div>\n\t\t\t\t\t\t\t\t\t\t\t\t\t<\/div>\n                    <\/div>\n\n                            <\/div>\n        \t\t<\/div>\n\t\t\t\t<\/div>\n\t\t\t\t\t<\/div>\n\t\t<\/div>\n\t\t\t\t\t<\/div>\n\t\t<\/section>\n\t\t\t\t<\/div>\n\t\t","protected":false},"excerpt":{"rendered":"<p>Xidm\u0259tl\u0259r Veb Dizayn Veb sayt \u00fcz\u0259rind\u0259 i\u015fl\u0259m\u0259k, laz\u0131mi alqoritml\u0259rd\u0259n istifad\u0259 ed\u0259r\u0259k m\u00fc\u015ft\u0259rinin konsepsiyas\u0131n\u0131 vizualla\u015fd\u0131rmaq \u00fc\u00e7\u00fcn \u00e7ox s\u0259viyy\u0259li bir sistemdir. \u0130\u015f tam texniki spesifikasiyan\u0131n al\u0131nmas\u0131 il\u0259 ba\u015flay\u0131r v\u0259 m\u00fc\u015ft\u0259riy\u0259 t\u0259qdim olunan haz\u0131r konsepsiya il\u0259 ba\u015fa \u00e7at\u0131r. Biz bir s\u0259hif\u0259lik saytlardan onlayn \u00f6d\u0259ni\u015fli onlayn ma\u011fazalara q\u0259d\u0259r ist\u0259nil\u0259n m\u00fcr\u0259kk\u0259blikd\u0259 vebsaytlar v\u0259 mobil proqramlar yarad\u0131r\u0131q. Ba\u015flayaq Qrafik Dizayn Qrafik dizayn t\u0259klifl\u0259ri biznes \u00fc\u00e7\u00fcn z\u0259ruri i\u015fl\u0259rin b\u00f6y\u00fck siyah\u0131s\u0131n\u0131 ehtiva edir. Bu, loqo v\u0259 korporativ brendbuk, reklam l\u00f6vh\u0259l\u0259r v\u0259 bannerl\u0259r, Promo m\u0259hsullar\u0131n dizayn\u0131, interaktiv t\u0259qdimatlar v\u0259 \u00e7ap kataloqlar\u0131n\u0131n yarad\u0131lmas\u0131, i\u015f\u00e7il\u0259r \u00fc\u00e7\u00fcn formalar\u0131n dizayn\u0131, HTML5 saytlar\u0131 \u00fc\u00e7\u00fcn interaktiv bannerl\u0259r v\u0259 daha \u00e7ox. Start a Project Motion Dizayn Video m\u0259zmunun yarad\u0131lmas\u0131 v\u0259 vizualla\u015fd\u0131r\u0131lmas\u0131. b\u00fct\u00fcn m\u00fcmk\u00fcn reklamlar markan\u0131n tan\u0131nmas\u0131n\u0131 art\u0131r\u0131r. Statik reklamdan daha \u00e7ox m\u0259lumat \u00f6t\u00fcr\u00fcr. Bu s\u0259b\u0259bd\u0259n video reklam brendin tan\u0131t\u0131m\u0131n\u0131n ayr\u0131lmaz hiss\u0259sidir, Bu sah\u0259nin yarad\u0131c\u0131l\u0131q potensial\u0131 \u00e7ox b\u00f6y\u00fckd\u00fcr. Start F.A.Q. Sual\u0131n\u0131z varsa, cavab yax\u0131nl\u0131qda ola bil\u0259r! B\u0259lk\u0259 o a\u015fa\u011f\u0131dad\u0131r?H\u0259l\u0259 suallar\u0131n\u0131z varsa, yaz\u0131n v\u0259 biz siz\u0259 m\u00fctl\u0259q cavab ver\u0259c\u0259yik! Veb sayt\u0131 haz\u0131rlamaq n\u0259 q\u0259d\u0259r vaxt apar\u0131r? \u018fvv\u0259lc\u0259 qeyd etm\u0259k laz\u0131md\u0131r ki, b\u00fct\u00fcn saytlar f\u0259rqlidir. Buna g\u00f6r\u0259 d\u0259, bir veb sayt\u0131 tamamlamaq \u00fc\u00e7\u00fcn laz\u0131m olan vaxt bir aydan yar\u0131m il\u0259 q\u0259d\u0259r davam ed\u0259 bil\u0259r. \u00dcmumiyy\u0259tl\u0259, orta s\u0259hif\u0259 &#171;Lendinq&#187; v\u0259 ya porfel veb sayt\u0131n\u0131n haz\u0131rlanmas\u0131 t\u0259xmin\u0259n 1,5 ay \u00e7\u0259kir Onlayn logo yaratmaq v\u0259 ya pe\u015f\u0259karlardan sifari\u015f verm\u0259k? Loqonun yarad\u0131lmas\u0131n\u0131 pe\u015f\u0259karlara h\u0259val\u0259 etm\u0259kl\u0259 siz v\u0259 biznesiniz \u00fc\u00e7\u00fcn tamamil\u0259 f\u0259rdil\u0259\u015fdirilmi\u015f, \u015firk\u0259tin mahiyy\u0259tini v\u0259 istehsal\u0131n\u0131 \u0259ks etdir\u0259n unikal t\u0259klif alacaqs\u0131n\u0131z. \u018fg\u0259r siz biznesl\u0259 m\u0259\u015f\u011ful olursunuzsa v\u0259 Loqo sizin \u00fcz\u00fcn\u00fczd\u00fcrs\u0259, qoy bu \u00fcz parlaq, yaddaqalan v\u0259 yarad\u0131c\u0131 olsun. Bir yerd\u0259 brend kitab, vebsayt v\u0259 3D modell\u0259\u015fdirm\u0259 \u00fcz\u0259rind\u0259 i\u015f g\u00f6rm\u0259k m\u00fcmk\u00fcnd\u00fcrm\u00fc? T\u0259bii ki, biz h\u0259r \u015feyi ed\u0259 bil\u0259rik.<\/p>\n","protected":false},"author":1,"featured_media":0,"parent":0,"menu_order":0,"comment_status":"closed","ping_status":"closed","template":"elementor_canvas","meta":{"pgc_sgb_lightbox_settings":"","footnotes":""},"class_list":["post-441","page","type-page","status-publish","hentry"],"_links":{"self":[{"href":"https:\/\/basovich.art\/index.php\/wp-json\/wp\/v2\/pages\/441","targetHints":{"allow":["GET"]}}],"collection":[{"href":"https:\/\/basovich.art\/index.php\/wp-json\/wp\/v2\/pages"}],"about":[{"href":"https:\/\/basovich.art\/index.php\/wp-json\/wp\/v2\/types\/page"}],"author":[{"embeddable":true,"href":"https:\/\/basovich.art\/index.php\/wp-json\/wp\/v2\/users\/1"}],"replies":[{"embeddable":true,"href":"https:\/\/basovich.art\/index.php\/wp-json\/wp\/v2\/comments?post=441"}],"version-history":[{"count":53,"href":"https:\/\/basovich.art\/index.php\/wp-json\/wp\/v2\/pages\/441\/revisions"}],"predecessor-version":[{"id":1527,"href":"https:\/\/basovich.art\/index.php\/wp-json\/wp\/v2\/pages\/441\/revisions\/1527"}],"wp:attachment":[{"href":"https:\/\/basovich.art\/index.php\/wp-json\/wp\/v2\/media?parent=441"}],"curies":[{"name":"wp","href":"https:\/\/api.w.org\/{rel}","templated":true}]}}